{"id":791,"date":"2024-03-30T17:52:23","date_gmt":"2024-03-30T16:52:23","guid":{"rendered":"https:\/\/leslierefine.com\/?page_id=791"},"modified":"2026-03-13T15:43:54","modified_gmt":"2026-03-13T14:43:54","slug":"qui-suis-je","status":"publish","type":"page","link":"https:\/\/leslierefine.com\/index.php\/qui-suis-je\/","title":{"rendered":"Qui suis-je"},"content":{"rendered":"\t\t<div data-elementor-type=\"wp-page\" data-elementor-id=\"791\" class=\"elementor elementor-791\">\n\t\t\t\t\t\t<section class=\"elementor-section elementor-top-section elementor-element elementor-element-a32fcf2 elementor-section-full_width page-section scroll-to-page elementor-section-height-default elementor-section-height-default\" data-id=\"a32fcf2\" data-element_type=\"section\" data-e-type=\"section\" id=\"skills\" data-settings=\"{&quot;background_background&quot;:&quot;classic&quot;}\">\n\t\t\t\t\t\t<div class=\"elementor-container elementor-column-gap-no\">\n\t\t\t\t\t<div class=\"elementor-column elementor-col-100 elementor-top-column elementor-element elementor-element-0fa9229\" data-id=\"0fa9229\" data-element_type=\"column\" data-e-type=\"column\">\n\t\t\t<div class=\"elementor-widget-wrap elementor-element-populated\">\n\t\t\t\t\t\t<div class=\"elementor-element elementor-element-cd8b3b6 elementor-widget elementor-widget-drakeabout\" data-id=\"cd8b3b6\" data-element_type=\"widget\" data-e-type=\"widget\" data-widget_type=\"drakeabout.default\">\n\t\t\t\t<div class=\"elementor-widget-container\">\n\t\t\t\t\t\n        <section class=\"about-area\">\n                    <div class=\"custom-container\">\n                        <div class=\"about-content content-width\">\n                            <div class=\"section-header\">\n\t\t\t\t\t\t\t\t                                <h2 class=\"scroll-animation\" data-animation=\"fade_from_bottom\">Qui suis-<span>je ?<\/span><\/h2>\n                            <\/div>\n                            <p class=\"scroll-animation\" data-animation=\"fade_from_bottom\"><p>Comme pour beaucoup de praticiens en d\u00e9veloppement personnel, mon app\u00e9tence pour le soin \u00e0 commenc\u00e9 par mon propre parcours th\u00e9rapeutique.\u00a0 A 18 ans, j'ai ainsi d\u00e9couvert les soins holistiques \u00e0 travers l'analyse et la r\u00e9-information cellulaire (ARC), l'EMDR, les bonhommes allumettes, ou encore l\u2019hypnose aupr\u00e8s de la sophro-analyste, praticienne Quantum, Jo\u00eblle Babu-Marsaleix.<\/p><p>J\u2019ai ensuite suivi un parcours de stages aupr\u00e8s du centre de d\u00e9veloppement personnel de Lise Bourbeau, connu sous le nom d'\u00c9coute ton corps. Peu apr\u00e8s j'ai d\u00e9couvert la m\u00e9ditation, le Qi Gong, le reiki et enfin les constellations familiales... Je d\u00e9couvrais alors LE m\u00e9dium qui allait me permettre des r\u00e9aliser des pas de g\u00e9ant !<\/p><p>D\u00e9sireuse d'aller plus loin dans la compr\u00e9hension de mes propres blocages et blessures je me suis form\u00e9e en 2009 \u00e0 l\u2019hypnose Eriksonnienne et \u00e0 la PNL aupr\u00e8s de l'hypnoth\u00e9rapeute Bernard Gicuel.<\/p><p>Apr\u00e8s 15 ans de participation \u00e0 d\u2019innombrables sessions de constellations, j'ai d\u00e9cid\u00e9 de valider mes acquis en tant qu'animation de constellations familiales et me suis form\u00e9e au d\u00e9codage des histoires de naissances aupr\u00e8s de la psycho-praticienne, sp\u00e9cialiste de l'histoire de naissance, animatrice de constellations et autrice, Dominique Georges.<\/p><p>Mon parcours professionnel et personnel me permet aujourd'hui de vous accompagner \u00e0 mon tour.<\/p><\/p>\n                        <\/div>\n                    <\/div>\n                <\/section>\n\n    \t\t\t\t<\/div>\n\t\t\t\t<\/div>\n\t\t<div class=\"elementor-element elementor-element-94a470b e-flex e-con-boxed e-con e-parent\" data-id=\"94a470b\" data-element_type=\"container\" data-e-type=\"container\">\n\t\t\t\t\t<div class=\"e-con-inner\">\n\t\t\t\t<div class=\"elementor-element elementor-element-04e315d elementor-widget elementor-widget-image\" data-id=\"04e315d\" data-element_type=\"widget\" data-e-type=\"widget\" data-widget_type=\"image.default\">\n\t\t\t\t<div class=\"elementor-widget-container\">\n\t\t\t\t\t\t\t\t\t\t\t\t\t\t\t<img fetchpriority=\"high\" decoding=\"async\" width=\"2048\" height=\"1582\" src=\"https:\/\/leslierefine.com\/wp-content\/uploads\/2026\/03\/Parcours-et-formations-Leslie-Refine-1-2048x1582.jpg\" class=\"attachment-2048x2048 size-2048x2048 wp-image-2470\" alt=\"\" srcset=\"https:\/\/leslierefine.com\/wp-content\/uploads\/2026\/03\/Parcours-et-formations-Leslie-Refine-1-2048x1582.jpg 2048w, https:\/\/leslierefine.com\/wp-content\/uploads\/2026\/03\/Parcours-et-formations-Leslie-Refine-1-300x232.jpg 300w, https:\/\/leslierefine.com\/wp-content\/uploads\/2026\/03\/Parcours-et-formations-Leslie-Refine-1-1024x791.jpg 1024w, https:\/\/leslierefine.com\/wp-content\/uploads\/2026\/03\/Parcours-et-formations-Leslie-Refine-1-768x593.jpg 768w, https:\/\/leslierefine.com\/wp-content\/uploads\/2026\/03\/Parcours-et-formations-Leslie-Refine-1-1536x1186.jpg 1536w, https:\/\/leslierefine.com\/wp-content\/uploads\/2026\/03\/Parcours-et-formations-Leslie-Refine-1-427x330.jpg 427w\" sizes=\"(max-width: 2048px) 100vw, 2048px\" \/>\t\t\t\t\t\t\t\t\t\t\t\t\t\t\t<\/div>\n\t\t\t\t<\/div>\n\t\t\t\t\t<\/div>\n\t\t\t\t<\/div>\n\t\t\t\t\t<\/div>\n\t\t<\/div>\n\t\t\t\t\t<\/div>\n\t\t<\/section>\n\t\t\t\t<section class=\"elementor-section elementor-top-section elementor-element elementor-element-449627b elementor-section-full_width page-section scroll-to-page elementor-section-height-default elementor-section-height-default\" data-id=\"449627b\" data-element_type=\"section\" data-e-type=\"section\" id=\"testimonial\" data-settings=\"{&quot;background_background&quot;:&quot;classic&quot;}\">\n\t\t\t\t\t\t<div class=\"elementor-container elementor-column-gap-no\">\n\t\t\t\t\t<div class=\"elementor-column elementor-col-100 elementor-top-column elementor-element elementor-element-78a9b04\" data-id=\"78a9b04\" data-element_type=\"column\" data-e-type=\"column\">\n\t\t\t<div class=\"elementor-widget-wrap\">\n\t\t\t\t\t\t\t<\/div>\n\t\t<\/div>\n\t\t\t\t\t<\/div>\n\t\t<\/section>\n\t\t<div class=\"elementor-element elementor-element-28d39b0 e-flex e-con-boxed e-con e-parent\" data-id=\"28d39b0\" data-element_type=\"container\" data-e-type=\"container\">\n\t\t\t\t\t<div class=\"e-con-inner\">\n\t\t\t\t<div class=\"elementor-element elementor-element-2f8c0e2 elementor-widget elementor-widget-spacer\" data-id=\"2f8c0e2\" data-element_type=\"widget\" data-e-type=\"widget\" data-widget_type=\"spacer.default\">\n\t\t\t\t<div class=\"elementor-widget-container\">\n\t\t\t\t\t\t\t<div class=\"elementor-spacer\">\n\t\t\t<div class=\"elementor-spacer-inner\"><\/div>\n\t\t<\/div>\n\t\t\t\t\t\t<\/div>\n\t\t\t\t<\/div>\n\t\t\t\t\t<\/div>\n\t\t\t\t<\/div>\n\t\t\t\t<\/div>\n\t\t","protected":false},"excerpt":{"rendered":"<p>Qui suis-je ? Comme pour beaucoup de praticiens en d\u00e9veloppement personnel, mon app\u00e9tence pour le soin \u00e0 commenc\u00e9 par mon propre parcours th\u00e9rapeutique.\u00a0 A 18 ans, j&#8217;ai ainsi d\u00e9couvert les soins holistiques \u00e0 travers l&#8217;analyse et la r\u00e9-information cellulaire (ARC), l&#8217;EMDR, les bonhommes allumettes, ou encore l\u2019hypnose aupr\u00e8s de la sophro-analyste, praticienne Quantum, Jo\u00eblle Babu-Marsaleix. [&hellip;]<\/p>\n","protected":false},"author":1,"featured_media":0,"parent":0,"menu_order":0,"comment_status":"closed","ping_status":"closed","template":"page-templates\/main-home.php","meta":{"_monsterinsights_skip_tracking":false,"_monsterinsights_sitenote_active":false,"_monsterinsights_sitenote_note":"","_monsterinsights_sitenote_category":0,"footnotes":""},"class_list":["post-791","page","type-page","status-publish","hentry"],"_links":{"self":[{"href":"https:\/\/leslierefine.com\/index.php\/wp-json\/wp\/v2\/pages\/791","targetHints":{"allow":["GET"]}}],"collection":[{"href":"https:\/\/leslierefine.com\/index.php\/wp-json\/wp\/v2\/pages"}],"about":[{"href":"https:\/\/leslierefine.com\/index.php\/wp-json\/wp\/v2\/types\/page"}],"author":[{"embeddable":true,"href":"https:\/\/leslierefine.com\/index.php\/wp-json\/wp\/v2\/users\/1"}],"replies":[{"embeddable":true,"href":"https:\/\/leslierefine.com\/index.php\/wp-json\/wp\/v2\/comments?post=791"}],"version-history":[{"count":58,"href":"https:\/\/leslierefine.com\/index.php\/wp-json\/wp\/v2\/pages\/791\/revisions"}],"predecessor-version":[{"id":2692,"href":"https:\/\/leslierefine.com\/index.php\/wp-json\/wp\/v2\/pages\/791\/revisions\/2692"}],"wp:attachment":[{"href":"https:\/\/leslierefine.com\/index.php\/wp-json\/wp\/v2\/media?parent=791"}],"curies":[{"name":"wp","href":"https:\/\/api.w.org\/{rel}","templated":true}]}}